{"id":8,"date":"2017-03-21T17:41:07","date_gmt":"2017-03-21T17:41:07","guid":{"rendered":"http:\/\/sielankowydomek.pl\/?page_id=8"},"modified":"2017-12-30T09:59:46","modified_gmt":"2017-12-30T09:59:46","slug":"strona-2","status":"publish","type":"page","link":"https:\/\/sielankowydomek.pl\/?page_id=8","title":{"rendered":"DOMEK"},"content":{"rendered":"<p style=\"text-align: center;\"><strong>\u2693\ufe0fWYPOCZYNEK BLISKO NATURY W CZTEROOSOBOWYM DOMKU NA KUJAWACH\u2693\ufe0f<\/strong><\/p>\n<div id=\"stcpDiv\">\n<p>&nbsp;<\/p>\n<p>Nasz domek po\u0142o\u017cony jest na wsi, w\u015br\u00f3d p\u00f3l i \u0142\u0105k \u2026<br \/>\nBlisko lasu i jeziora. Jest to idealne miejsce dla rodziny, znajomych, w\u0119dkarzy, kt\u00f3rzy chc\u0105 sp\u0119dzi\u0107 czas w sielskim klimacie z daleka od wielkomiejskiego zgie\u0142ku.<\/p>\n<p>Domek usytuowany jest w sosnowym lasku, mniej ni\u017c 150 metr\u00f3w od brzegu rozleg\u0142ego jeziora G\u0142uszy\u0144skiego we wsi Poto\u0142\u00f3wek na Kujawach.<\/p>\n<p><strong>Dzia\u0142ka jest ogrodzona i znajduje si\u0119 na niej drewniany domek, murowany grill, trampolina dla dzieci, mini plac zabaw (zje\u017cd\u017calnia, dwie hu\u015btawki, \u015bcianka wspinaczkowa, piaskownica), cztery ogrodowe fotele, stoliczek ogrodowy, \u0142awka wypoczynkowa &#8211; ogrodowa i hamak \u2013 zobacz <span style=\"color: #000080;\"><a style=\"color: #000080;\" href=\"http:\/\/sielankowydomek.pl\/?page_id=10\">GALERI\u0118<\/a>.<\/span><\/strong><\/p>\n<p>Jeste\u015bmy jednym z czterech w\u0142a\u015bcicieli pomostu z \u0142awk\u0105, kt\u00f3ry znajduje si\u0119 150m od dzia\u0142ki.<br \/>\nPrzy pomo\u015bcie jest \u0142agodne zej\u015bcie do jeziora, ale nie ma pla\u017cy. Pla\u017ca znajduje si\u0119 oko\u0142o 350m. od domku i jest piaszczysta z \u0142agodnym zej\u015bciem.<\/p>\n<p>&nbsp;<br \/>\nDomek ma powierzchni\u0119 35m2 i podzielony jest na 4 pomieszczenia. <strong><br \/>\n<\/strong>Dwie sypialnie, w kt\u00f3rych znajduj\u0105 si\u0119 \u0142\u00f3\u017cka ma\u0142\u017ce\u0144skie (160&#215;200) wraz z po\u015bcielami, komoda i szafa, gry planszowe i ksi\u0105\u017cki.<br \/>\n\u0141azienka z prysznicem o powierzchni 4 m<sup>2<\/sup>.<br \/>\nPok\u00f3j dzienny z aneksem kuchennym \u2013 czajnik, p\u0142yt\u0119 indukcyjn\u0105, garnki, sztu\u0107ce, talerze, szklanki, kubki, kieliszki, korkoci\u0105g, \u0142y\u017cki wazowe, miski, tac\u0119 etc.<br \/>\nDu\u017cy taras (12m2), kt\u00f3ry umo\u017cliwi sp\u0119dzanie czasu na \u015bwie\u017cym powietrzu. Znajduj\u0105 si\u0119 na nim meble ogrodowe wraz z poduchami.<\/p>\n<p>Domek w okresie wrzesie\u0144 \u2013 pa\u017adziernik doposa\u017cony jest termowentylator.<br \/>\nW okolicy znajduj\u0105 si\u0119 gospodarstwa, gdzie mo\u017cna zakupi\u0107 \u015bwie\u017ce jaja, pieczony wiejski chleb, ziemniaki , maliny, bor\u00f3wki i inne sezonowe warzywa i owoce.<br \/>\n&nbsp;<\/p>\n<p><a href=\"http:\/\/sielankowydomek.pl\/wp-content\/uploads\/2017\/03\/1-4.png\"><img decoding=\"async\" loading=\"lazy\" class=\"aligncenter wp-image-435 size-full\" src=\"http:\/\/sielankowydomek.pl\/wp-content\/uploads\/2017\/03\/1-4.png\" alt=\"\" width=\"560\" height=\"315\" srcset=\"https:\/\/sielankowydomek.pl\/wp-content\/uploads\/2017\/03\/1-4.png 560w, https:\/\/sielankowydomek.pl\/wp-content\/uploads\/2017\/03\/1-4-300x169.png 300w\" sizes=\"(max-width: 560px) 100vw, 560px\" \/><\/a><\/p>\n<p><a href=\"http:\/\/sielankowydomek.pl\/wp-content\/uploads\/2017\/03\/2-4.png\"><img decoding=\"async\" loading=\"lazy\" class=\"aligncenter wp-image-436 size-full\" src=\"http:\/\/sielankowydomek.pl\/wp-content\/uploads\/2017\/03\/2-4.png\" alt=\"\" width=\"560\" height=\"315\" srcset=\"https:\/\/sielankowydomek.pl\/wp-content\/uploads\/2017\/03\/2-4.png 560w, https:\/\/sielankowydomek.pl\/wp-content\/uploads\/2017\/03\/2-4-300x169.png 300w\" sizes=\"(max-width: 560px) 100vw, 560px\" \/><\/a><\/p>\n<p><a href=\"http:\/\/sielankowydomek.pl\/wp-content\/uploads\/2017\/03\/W-POBLI\u017bU-PLANTACJA-BOR\u00d3WEK-I-MALIN.png\"><img decoding=\"async\" loading=\"lazy\" class=\"aligncenter wp-image-440 size-full\" src=\"http:\/\/sielankowydomek.pl\/wp-content\/uploads\/2017\/03\/W-POBLI\u017bU-PLANTACJA-BOR\u00d3WEK-I-MALIN.png\" alt=\"\" width=\"560\" height=\"315\" srcset=\"https:\/\/sielankowydomek.pl\/wp-content\/uploads\/2017\/03\/W-POBLI\u017bU-PLANTACJA-BOR\u00d3WEK-I-MALIN.png 560w, https:\/\/sielankowydomek.pl\/wp-content\/uploads\/2017\/03\/W-POBLI\u017bU-PLANTACJA-BOR\u00d3WEK-I-MALIN-300x169.png 300w\" sizes=\"(max-width: 560px) 100vw, 560px\" \/><\/a><\/p>\n<\/div>\n","protected":false},"excerpt":{"rendered":"<p>\u2693\ufe0fWYPOCZYNEK BLISKO NATURY W CZTEROOSOBOWYM DOMKU NA KUJAWACH\u2693\ufe0f &nbsp; Nasz domek po\u0142o\u017cony jest na wsi, w\u015br\u00f3d p\u00f3l i \u0142\u0105k \u2026 Blisko lasu i jeziora. Jest to idealne miejsce dla rodziny, znajomych, w\u0119dkarzy, kt\u00f3rzy chc\u0105 sp\u0119dzi\u0107 czas w sielskim klimacie z daleka od wielkomiejskiego zgie\u0142ku. Domek usytuowany jest w sosnowym lasku, mniej ni\u017c 150 metr\u00f3w od [&hellip;]<\/p>\n","protected":false},"author":1,"featured_media":401,"parent":0,"menu_order":0,"comment_status":"closed","ping_status":"closed","template":"","meta":{"ngg_post_thumbnail":0},"_links":{"self":[{"href":"https:\/\/sielankowydomek.pl\/index.php?rest_route=\/wp\/v2\/pages\/8"}],"collection":[{"href":"https:\/\/sielankowydomek.pl\/index.php?rest_route=\/wp\/v2\/pages"}],"about":[{"href":"https:\/\/sielankowydomek.pl\/index.php?rest_route=\/wp\/v2\/types\/page"}],"author":[{"embeddable":true,"href":"https:\/\/sielankowydomek.pl\/index.php?rest_route=\/wp\/v2\/users\/1"}],"replies":[{"embeddable":true,"href":"https:\/\/sielankowydomek.pl\/index.php?rest_route=%2Fwp%2Fv2%2Fcomments&post=8"}],"version-history":[{"count":28,"href":"https:\/\/sielankowydomek.pl\/index.php?rest_route=\/wp\/v2\/pages\/8\/revisions"}],"predecessor-version":[{"id":443,"href":"https:\/\/sielankowydomek.pl\/index.php?rest_route=\/wp\/v2\/pages\/8\/revisions\/443"}],"wp:featuredmedia":[{"embeddable":true,"href":"https:\/\/sielankowydomek.pl\/index.php?rest_route=\/wp\/v2\/media\/401"}],"wp:attachment":[{"href":"https:\/\/sielankowydomek.pl\/index.php?rest_route=%2Fwp%2Fv2%2Fmedia&parent=8"}],"curies":[{"name":"wp","href":"https:\/\/api.w.org\/{rel}","templated":true}]}}